{"id":82,"date":"2024-12-18T16:46:45","date_gmt":"2024-12-18T15:46:45","guid":{"rendered":"https:\/\/amis-orgue.micandel.net\/?page_id=82"},"modified":"2024-12-18T18:15:26","modified_gmt":"2024-12-18T17:15:26","slug":"association","status":"publish","type":"page","link":"https:\/\/amis-orgue-musique-grenoble.fr\/?page_id=82","title":{"rendered":"Association"},"content":{"rendered":"\n<p><\/p>\n\n\n\n<p><strong>L\u2019association des Amis de l\u2019Orgue et de la Musique de l\u2019Eglise Protestante Unie de Grenoble<\/strong><\/p>\n\n\n\n<p>Elle a pour objectif d\u2019organiser des concerts gratuits au temple protestant et de participer \u00e0 la dynamique culturelle de Grenoble<\/p>\n\n\n\n<p>La gratuit\u00e9 de nos concerts, la qualit\u00e9 de nos artistes, la diversit\u00e9 de notre programmation nous permettent depuis une dizaine d\u2019ann\u00e9e de fid\u00e9liser un public nombreux et chaleureux.<\/p>\n\n\n\n<p>Cette gratuit\u00e9 donne aussi la possibilit\u00e9 \u00e0 beaucoup de personnes de venir \u00e0 nos concerts de tr\u00e8s bonne qualit\u00e9 sans \u00eatre limit\u00e9es par le prix.<\/p>\n\n\n\n<p>Notre public d\u00e9borde largement la communaut\u00e9 protestante de Grenoble.<\/p>\n\n\n\n<p>Jeunes artistes ou musiciens plus chevronn\u00e9s adorent se produire dans ce lieu ou l\u2019acoustique est excellente avec en prime un public chaleureux et connaisseur.<\/p>\n\n\n\n<p>Pour vous, adh\u00e9rer \u00e0 l\u2019association, c\u2019est faire preuve d\u2019int\u00e9r\u00eat pour la culture musicale et participer au rayonnement culturel de la M\u00e9tropole grenobloise.<\/p>\n\n\n\n<p><a href=\"http:\/\/amis-orgue.micandel.net\/wp-content\/uploads\/2024\/12\/BULLETIN_ADHESION_2425.docx\">Formulaire d\u2019adh\u00e9sion,<\/a><\/p>\n\n\n\n<p>Nous contacter.<\/p>\n\n\n\n<p><\/p>\n","protected":false},"excerpt":{"rendered":"<p>L\u2019association des Amis de l\u2019Orgue et de la Musique de l\u2019Eglise Protestante Unie de Grenoble Elle a pour objectif d\u2019organiser [&hellip;]<\/p>\n","protected":false},"author":1,"featured_media":0,"parent":0,"menu_order":0,"comment_status":"closed","ping_status":"closed","template":"","meta":{"site-sidebar-layout":"default","site-content-layout":"","ast-site-content-layout":"default","site-content-style":"default","site-sidebar-style":"default","ast-global-header-display":"","ast-banner-title-visibility":"","ast-main-header-display":"","ast-hfb-above-header-display":"","ast-hfb-below-header-display":"","ast-hfb-mobile-header-display":"","site-post-title":"","ast-breadcrumbs-content":"","ast-featured-img":"","footer-sml-layout":"","ast-disable-related-posts":"","theme-transparent-header-meta":"","adv-header-id-meta":"","stick-header-meta":"","header-above-stick-meta":"","header-main-stick-meta":"","header-below-stick-meta":"","astra-migrate-meta-layouts":"default","ast-page-background-enabled":"default","ast-page-background-meta":{"desktop":{"background-color":"var(--ast-global-color-4)","background-image":"","background-repeat":"repeat","background-position":"center center","background-size":"auto","background-attachment":"scroll","background-type":"","background-media":"","overlay-type":"","overlay-color":"","overlay-opacity":"","overlay-gradient":""},"tablet":{"background-color":"","background-image":"","background-repeat":"repeat","background-position":"center center","background-size":"auto","background-attachment":"scroll","background-type":"","background-media":"","overlay-type":"","overlay-color":"","overlay-opacity":"","overlay-gradient":""},"mobile":{"background-color":"","background-image":"","background-repeat":"repeat","background-position":"center center","background-size":"auto","background-attachment":"scroll","background-type":"","background-media":"","overlay-type":"","overlay-color":"","overlay-opacity":"","overlay-gradient":""}},"ast-content-background-meta":{"desktop":{"background-color":"var(--ast-global-color-5)","background-image":"","background-repeat":"repeat","background-position":"center center","background-size":"auto","background-attachment":"scroll","background-type":"","background-media":"","overlay-type":"","overlay-color":"","overlay-opacity":"","overlay-gradient":""},"tablet":{"background-color":"var(--ast-global-color-5)","background-image":"","background-repeat":"repeat","background-position":"center center","background-size":"auto","background-attachment":"scroll","background-type":"","background-media":"","overlay-type":"","overlay-color":"","overlay-opacity":"","overlay-gradient":""},"mobile":{"background-color":"var(--ast-global-color-5)","background-image":"","background-repeat":"repeat","background-position":"center center","background-size":"auto","background-attachment":"scroll","background-type":"","background-media":"","overlay-type":"","overlay-color":"","overlay-opacity":"","overlay-gradient":""}},"footnotes":""},"folder":[],"class_list":["post-82","page","type-page","status-publish","hentry"],"_links":{"self":[{"href":"https:\/\/amis-orgue-musique-grenoble.fr\/index.php?rest_route=\/wp\/v2\/pages\/82","targetHints":{"allow":["GET"]}}],"collection":[{"href":"https:\/\/amis-orgue-musique-grenoble.fr\/index.php?rest_route=\/wp\/v2\/pages"}],"about":[{"href":"https:\/\/amis-orgue-musique-grenoble.fr\/index.php?rest_route=\/wp\/v2\/types\/page"}],"author":[{"embeddable":true,"href":"https:\/\/amis-orgue-musique-grenoble.fr\/index.php?rest_route=\/wp\/v2\/users\/1"}],"replies":[{"embeddable":true,"href":"https:\/\/amis-orgue-musique-grenoble.fr\/index.php?rest_route=%2Fwp%2Fv2%2Fcomments&post=82"}],"version-history":[{"count":4,"href":"https:\/\/amis-orgue-musique-grenoble.fr\/index.php?rest_route=\/wp\/v2\/pages\/82\/revisions"}],"predecessor-version":[{"id":108,"href":"https:\/\/amis-orgue-musique-grenoble.fr\/index.php?rest_route=\/wp\/v2\/pages\/82\/revisions\/108"}],"wp:attachment":[{"href":"https:\/\/amis-orgue-musique-grenoble.fr\/index.php?rest_route=%2Fwp%2Fv2%2Fmedia&parent=82"}],"wp:term":[{"taxonomy":"folder","embeddable":true,"href":"https:\/\/amis-orgue-musique-grenoble.fr\/index.php?rest_route=%2Fwp%2Fv2%2Ffolder&post=82"}],"curies":[{"name":"wp","href":"https:\/\/api.w.org\/{rel}","templated":true}]}}